{"id":2713,"date":"2023-03-20T15:55:29","date_gmt":"2023-03-20T14:55:29","guid":{"rendered":"http:\/\/fondation-abdelkrimbouallou.ma\/?page_id=2713"},"modified":"2023-03-21T11:31:48","modified_gmt":"2023-03-21T10:31:48","slug":"histoire-de-la-famille","status":"publish","type":"page","link":"https:\/\/fondation-abdelkrimbouallou.ma\/index.php\/histoire-de-la-famille\/","title":{"rendered":"Histoire de la Famille"},"content":{"rendered":"<p>Bouallou (\u0628\u0648\u0639\u0644\u0648 en arabe) est une ancienne famille de Sal\u00e9 et de Tlemcen mais sa premi\u00e8re origine est de Hadramout au Yemen. Leur grand-p\u00e8re, appel\u00e9 Mohamed Al-Sini Bouallou, a d\u00e9m\u00e9nag\u00e9 \u00e0 l&rsquo;\u00e9poque du Sultan Moulay Ismail, et il \u00e9tait l&rsquo;un des savants les plus c\u00e9l\u00e8bres de Tlemcen.<br \/>\nTlemcen \u00e9tant connu \u00e0 cette \u00e9poque pour ses savants.<\/p>\n<p>Par la suite, Mohamed Al-Sini Bouallou s&rsquo;est install\u00e9 dans la ville de Sal\u00e9 avec ses enfants. Le susdit Sultan leur accorde une maison, un four et un moulin pr\u00e8s de la mosqu\u00e9e, et leur accorde les dimes et la zakat de la tribu Amer (Ben Amer) dans le faubourg de la ville, et une partie des revenus des barques faisant la navette entre Sal\u00e9 et Rabat.<\/p>\n<p>Dans un Dahir dat\u00e9 de l&rsquo;an 1110\/1697, le Sultan Moulay Ismail a nomm\u00e9 El Hajj Bouallou \u00e0 un poste de haut rang. Il ressort dudit Dahir que les Bouallou avaient un rang \u00e9lev\u00e9 dans la soci\u00e9t\u00e9.<\/p>\n<p>La famille Bouallou, \u00e9tant consid\u00e9r\u00e9e parmi les notables de Sal\u00e9, s&rsquo;est impliqu\u00e9e dans les conflits politiques qui ont suivi la mort du Sultan Moulay Ismail. A la demande du Makhzen, l&rsquo;arm\u00e9e des Oudayas les a attaqu\u00e9s et a saisi tous leurs biens. Puis le Sultan Abdellah Ben Ismail les a graci\u00e9s, proclam\u00e9 en l&rsquo;an 1147\/1734 un Dahir pour qu\u2019on leur rende les biens saisis, et renouvel\u00e9 pour eux l&rsquo;ann\u00e9e suivante un Dahir de respect et d&rsquo;estime qu&rsquo;ils ont depuis l\u2019\u00e9poque du p\u00e8re du Sultan.<\/p>\n<p>Ces Dahirs et bons offices, qui sont aujourd&rsquo;hui entre les mains des\u00a0 Bouallou, indiquent l\u2019estime et le prestige dont jouissaient leurs anc\u00eatres aupr\u00e8s de la dynastie des Rois Alaouites.<\/p>\n<p>Ci-contre un arbre g\u00e9n\u00e9alogique de la famille Bouallou de l\u2019\u00e9poque de Moulay Ismail \u00e0 Moulay Slimane c\u00e0d de 1092 \u00e0 1238\/1669 \u00e0 1815.<\/p>\n<p><img decoding=\"async\" loading=\"lazy\" class=\"wp-image-2786 aligncenter\" src=\"http:\/\/fondation-abdelkrimbouallou.ma\/wp-content\/uploads\/2023\/03\/histoire-de-la-famille-bouallou-2-211x300.jpg\" alt=\"\" width=\"442\" height=\"628\" srcset=\"https:\/\/fondation-abdelkrimbouallou.ma\/wp-content\/uploads\/2023\/03\/histoire-de-la-famille-bouallou-2-211x300.jpg 211w, https:\/\/fondation-abdelkrimbouallou.ma\/wp-content\/uploads\/2023\/03\/histoire-de-la-famille-bouallou-2-232x330.jpg 232w, https:\/\/fondation-abdelkrimbouallou.ma\/wp-content\/uploads\/2023\/03\/histoire-de-la-famille-bouallou-2-127x180.jpg 127w, https:\/\/fondation-abdelkrimbouallou.ma\/wp-content\/uploads\/2023\/03\/histoire-de-la-famille-bouallou-2.jpg 620w\" sizes=\"(max-width: 442px) 100vw, 442px\" \/><\/p>\n","protected":false},"excerpt":{"rendered":"<p>Bouallou (\u0628\u0648\u0639\u0644\u0648 en arabe) est une ancienne famille de Sal\u00e9 et de Tlemcen mais sa premi\u00e8re origine est de Hadramout au Yemen. Leur grand-p\u00e8re, appel\u00e9 Mohamed Al-Sini Bouallou, a d\u00e9m\u00e9nag\u00e9 \u00e0 l&rsquo;\u00e9poque du Sultan Moulay Ismail, et il \u00e9tait l&rsquo;un des savants les plus c\u00e9l\u00e8bres de Tlemcen. Tlemcen \u00e9tant connu.<\/p>\n","protected":false},"author":1,"featured_media":0,"parent":0,"menu_order":0,"comment_status":"closed","ping_status":"closed","template":"","meta":{"om_disable_all_campaigns":false,"_mi_skip_tracking":false,"_themeisle_gutenberg_block_has_review":false},"aioseo_notices":[],"_links":{"self":[{"href":"https:\/\/fondation-abdelkrimbouallou.ma\/index.php\/wp-json\/wp\/v2\/pages\/2713"}],"collection":[{"href":"https:\/\/fondation-abdelkrimbouallou.ma\/index.php\/wp-json\/wp\/v2\/pages"}],"about":[{"href":"https:\/\/fondation-abdelkrimbouallou.ma\/index.php\/wp-json\/wp\/v2\/types\/page"}],"author":[{"embeddable":true,"href":"https:\/\/fondation-abdelkrimbouallou.ma\/index.php\/wp-json\/wp\/v2\/users\/1"}],"replies":[{"embeddable":true,"href":"https:\/\/fondation-abdelkrimbouallou.ma\/index.php\/wp-json\/wp\/v2\/comments?post=2713"}],"version-history":[{"count":4,"href":"https:\/\/fondation-abdelkrimbouallou.ma\/index.php\/wp-json\/wp\/v2\/pages\/2713\/revisions"}],"predecessor-version":[{"id":2787,"href":"https:\/\/fondation-abdelkrimbouallou.ma\/index.php\/wp-json\/wp\/v2\/pages\/2713\/revisions\/2787"}],"wp:attachment":[{"href":"https:\/\/fondation-abdelkrimbouallou.ma\/index.php\/wp-json\/wp\/v2\/media?parent=2713"}],"curies":[{"name":"wp","href":"https:\/\/api.w.org\/{rel}","templated":true}]}}