{"id":2714,"date":"2023-03-20T15:55:29","date_gmt":"2023-03-20T14:55:29","guid":{"rendered":"http:\/\/fondation-abdelkrimbouallou.ma\/?page_id=2714"},"modified":"2023-03-25T00:42:14","modified_gmt":"2023-03-24T23:42:14","slug":"les-bouallou-celebres","status":"publish","type":"page","link":"https:\/\/fondation-abdelkrimbouallou.ma\/index.php\/les-bouallou-celebres\/","title":{"rendered":"Les Bouallou c\u00e9l\u00e8bres"},"content":{"rendered":"<p>Parmi les descendants de cette famille, on citera notamment,<\/p>\n<p><em>. <strong>Ibrahim Bouallou<\/strong><\/em><strong>,<\/strong> parmi les juristes de Sal\u00e9 mentionn\u00e9 par son contemporain <strong>Mohammed<\/strong> <strong>Daif Rbati, <\/strong>historien et explorateur marocain<strong>,<\/strong> dans l&rsquo;histoire de l&rsquo;\u00c9tat Saadien. Il \u00e9tait Adoule \u00e0 l&rsquo;\u00e9poque du Sultan Moulay Slimane et un commis de sa flotte.<\/p>\n<p>. <strong><em>Mohamed Bouallo<\/em><\/strong>u, il \u00e9tait juriste travaillant comme juge \u00e0 Sal\u00e9 en 1766.<\/p>\n<p>. <strong><em>Larbi Ben Abdellah Bouallou, <\/em><\/strong>il \u00e9tait juriste et sp\u00e9cialiste de la jurisprudence islamique au port de Larache jusqu&rsquo;en 1804. Il s&rsquo;\u00e9tait \u00e9galement sp\u00e9cialis\u00e9 dans l&rsquo;\u00e9dition des ouvrages.<\/p>\n<p><strong><em>. Mohamed Ben Abdellah Bouallou<\/em><\/strong>, il \u00e9tait juriste et homme de foi aupr\u00e8s des huissiers de Sal\u00e9. Il pratiquait cette activit\u00e9 jusqu&rsquo;en 1832.<\/p>\n<p><em>. <strong>Ahmed Ben Abderrahmane Bouallou<\/strong><\/em>, l&rsquo;un des juristes de la ville de Sal\u00e9, nomm\u00e9 par le sultan Abdelaziz le 10 Safar 1315\/17 juillet 1897 charg\u00e9 des successions pour le compte de l\u2019administration centrale et de l&rsquo;accomplissement de l\u2019h\u00e9ritage de ceux qui meurent sans avoir d&rsquo;h\u00e9ritiers. Il \u00e9tait le successeur du juriste Aboubakr Ben Bouzid, et il est le p\u00e8re de l&rsquo;\u00e9crivain Abderrahman Bouallou. Ahmed Bouallou est d\u00e9c\u00e9d\u00e9 dans sa ville natale vers l&rsquo;ann\u00e9e 1314\/1922.<\/p>\n<p><em>. <strong>Abderrahmane Bouallou<\/strong><\/em><strong>,<\/strong> \u00e9tait le fiduciaire du domaine de l\u2019Etat \u00e0 l&rsquo;\u00e9poque du Sultan Abderrahmane Ben Hicham\u00a0 1267-1238\/1822-1859. Par cons\u00e9quent, il faisait partie des personnes ayant de l&rsquo;exp\u00e9rience dans l&rsquo;agriculture, il \u00e9valuait la zakat et les dimes dus par les agriculteurs.<\/p>\n<p>. <strong><em>Mohamed Ben Ibrahim Bouallou<\/em><\/strong>, il \u00e9tait juriste et professeur enseignant aux enfants le Saint Coran dans son \u00e9cole coranique au quartier Zanata, il est d\u00e9c\u00e9d\u00e9 le 18 Rabi\u02bf al-awwal1336\/1er janvier 1918.<\/p>\n<p>. <strong><em>Mohamed (El Hajj) Bouallou<\/em><\/strong>, il est l&rsquo;un des plus anciens agriculteurs de cette famille, il \u00e9tait engag\u00e9 dans l&rsquo;agriculture dans la r\u00e9gion de Doukkala au d\u00e9but de l&rsquo;\u00e8re du protectorat.<\/p>\n<p><strong><em>. Abdelkrim Ben Mohamed \u00a0Bouallou (voir la page qui lui est consacr\u00e9e)<\/em><\/strong><\/p>\n<p><em>. <strong>Mohamed Ibrahim Bouallou<\/strong><\/em> est n\u00e9 le 28 mars 1936 dans la ville de Sal\u00e9. Il a enseign\u00e9 la philosophie pendant 37 ans \u00e0 la Facult\u00e9 des Lettres et Sciences Humaines de Rabat, de 1961 \u00e0 1997 (D\u00e9partement\u00a0 Philosophie, Sociologie et Psychologie). L&rsquo;un des fondateurs de l&rsquo;Union des \u00e9crivains marocains et membre de son premier bureau central. Un des fondateurs des quatre magazines suivants :<\/p>\n<p>. <em>Aqlam<\/em> mars 1964 avec le professeur Abderrahmane Benamr et le professeur Ahmed Settati<\/p>\n<p>. Majala Sehhiya en avril 1976 avec le Dr Abdelkrim Al-Amri.<\/p>\n<p>. Azhar (magazine pour enfants) en octobre 1976.<\/p>\n<p>. Fikr Wa Naqd\u00a0 en septembre 1997 avec le professeur Mohamed Abed El Jabri et le professeur Abdesselam Benadbelali.<\/p>\n<p>Auteur exclusivement arabophone, il a \u00e9crit plusieurs histoires et contes pour enfants, ainsi que plusieurs pi\u00e8ces de th\u00e9\u00e2tre et des sc\u00e9narios cin\u00e9matographiques pour les courts et longs m\u00e9trages.<\/p>\n<p>Parmi ses \u0153uvres, on peut citer :<\/p>\n<p style=\"padding-left: 40px;\"><strong>1- Assaqf, <\/strong>recueil de nouvelles, Casablanca, Maison d&rsquo;\u00e9dition marocaine, quatri\u00e8me \u00e9dition, 1984.<\/p>\n<p style=\"padding-left: 40px;\"><strong>2- Al Jawla Al Ouala, <\/strong>une pi\u00e8ce de th\u00e9\u00e2tre, Rabat, Maghreb Presse, 1973.<\/p>\n<p style=\"padding-left: 40px;\"><strong>3- Arba\u00e2te Talaba, <\/strong>une pi\u00e8ce de th\u00e9\u00e2tre, Rabat, Maghreb Press, 1974.<\/p>\n<p style=\"padding-left: 40px;\"><strong>4- Al Farissou wal Hisane, <\/strong>recueil de nouvelles, Casablanca, Maison d&rsquo;\u00e9dition marocaine, 1975.<\/p>\n<p style=\"padding-left: 40px;\"><strong>5 Al-Ittifaq, <\/strong>une pi\u00e8ce de th\u00e9\u00e2tre, Casablanca, Maison d&rsquo;\u00e9dition marocaine, 1977.<\/p>\n<p style=\"padding-left: 40px;\"><strong>6- Aoudate Al Awbache, <\/strong>3 courtes pi\u00e8ces, Casablanca, 1977.<\/p>\n<p style=\"padding-left: 40px;\"><strong>7- Khamssoune Ouqsousa fi khamsine daqiqa, <\/strong>Casablanca, Maison d&rsquo;\u00e9dition marocaine, 1983.<\/p>\n<p style=\"padding-left: 40px;\"><strong>8- Al houte wa Assayade, <\/strong>Casablanca, Maison d&rsquo;\u00e9dition Toubkal, 2007.<\/p>\n<p style=\"padding-left: 40px;\"><strong>9- Assoura El Kabira, <\/strong>des histoires tr\u00e8s courtes, Rabat, Dar Al-Aman, 2009.<\/p>\n<p style=\"padding-left: 40px;\"><strong>10- Li Amr Yahoumouq, <\/strong>histoires tr\u00e8s courtes, Rabat, Dar Al-Aman, 2010.<\/p>\n<p style=\"padding-left: 40px;\"><strong>11- Qabla Attamaniya, <\/strong>histoires tr\u00e8s courtes, Rabat, Dar Al-Aman, 2014.<\/p>\n<p style=\"padding-left: 40px;\"><strong>12- Adhabou Ma\u00e2q, <\/strong>histoires tr\u00e8s courtes, Rabat, Dar Al-Aman, 2014.<\/p>\n<p style=\"padding-left: 40px;\"><strong>13- Al Jama\u00e2, <\/strong>dialogues tr\u00e8s courts, Rabat, Editions Toubkal, 2014.<\/p>\n<p>Il a plus de 250 histoires pour enfants, dont certaines sont actuellement publi\u00e9es chaque semaine sur Facebook.<\/p>\n","protected":false},"excerpt":{"rendered":"<p>Parmi les descendants de cette famille, on citera notamment, . Ibrahim Bouallou, parmi les juristes de Sal\u00e9 mentionn\u00e9 par son contemporain Mohammed Daif Rbati, historien et explorateur marocain, dans l&rsquo;histoire de l&rsquo;\u00c9tat Saadien. Il \u00e9tait Adoule \u00e0 l&rsquo;\u00e9poque du Sultan Moulay Slimane et un commis de sa flotte. . Mohamed.<\/p>\n","protected":false},"author":1,"featured_media":0,"parent":0,"menu_order":0,"comment_status":"closed","ping_status":"closed","template":"","meta":{"om_disable_all_campaigns":false,"_mi_skip_tracking":false,"_themeisle_gutenberg_block_has_review":false},"aioseo_notices":[],"_links":{"self":[{"href":"https:\/\/fondation-abdelkrimbouallou.ma\/index.php\/wp-json\/wp\/v2\/pages\/2714"}],"collection":[{"href":"https:\/\/fondation-abdelkrimbouallou.ma\/index.php\/wp-json\/wp\/v2\/pages"}],"about":[{"href":"https:\/\/fondation-abdelkrimbouallou.ma\/index.php\/wp-json\/wp\/v2\/types\/page"}],"author":[{"embeddable":true,"href":"https:\/\/fondation-abdelkrimbouallou.ma\/index.php\/wp-json\/wp\/v2\/users\/1"}],"replies":[{"embeddable":true,"href":"https:\/\/fondation-abdelkrimbouallou.ma\/index.php\/wp-json\/wp\/v2\/comments?post=2714"}],"version-history":[{"count":4,"href":"https:\/\/fondation-abdelkrimbouallou.ma\/index.php\/wp-json\/wp\/v2\/pages\/2714\/revisions"}],"predecessor-version":[{"id":2850,"href":"https:\/\/fondation-abdelkrimbouallou.ma\/index.php\/wp-json\/wp\/v2\/pages\/2714\/revisions\/2850"}],"wp:attachment":[{"href":"https:\/\/fondation-abdelkrimbouallou.ma\/index.php\/wp-json\/wp\/v2\/media?parent=2714"}],"curies":[{"name":"wp","href":"https:\/\/api.w.org\/{rel}","templated":true}]}}