{"id":2760,"date":"2023-03-20T16:40:18","date_gmt":"2023-03-20T15:40:18","guid":{"rendered":"http:\/\/fondation-abdelkrimbouallou.ma\/?page_id=2760"},"modified":"2023-04-20T18:38:28","modified_gmt":"2023-04-20T16:38:28","slug":"organisation","status":"publish","type":"page","link":"https:\/\/fondation-abdelkrimbouallou.ma\/index.php\/organisation\/","title":{"rendered":"Organisation"},"content":{"rendered":"<p>La Fondation est dot\u00e9e de moyens humains organis\u00e9s ainsi\u00a0:<\/p>\n<p><img decoding=\"async\" loading=\"lazy\" class=\"wp-image-2799 aligncenter\" src=\"http:\/\/fondation-abdelkrimbouallou.ma\/wp-content\/uploads\/2023\/03\/organisation-fondation-bouallou-300x104.png\" alt=\"\" width=\"845\" height=\"293\" srcset=\"https:\/\/fondation-abdelkrimbouallou.ma\/wp-content\/uploads\/2023\/03\/organisation-fondation-bouallou-300x104.png 300w, https:\/\/fondation-abdelkrimbouallou.ma\/wp-content\/uploads\/2023\/03\/organisation-fondation-bouallou-1024x356.png 1024w, https:\/\/fondation-abdelkrimbouallou.ma\/wp-content\/uploads\/2023\/03\/organisation-fondation-bouallou-768x267.png 768w, https:\/\/fondation-abdelkrimbouallou.ma\/wp-content\/uploads\/2023\/03\/organisation-fondation-bouallou-570x198.png 570w, https:\/\/fondation-abdelkrimbouallou.ma\/wp-content\/uploads\/2023\/03\/organisation-fondation-bouallou-270x94.png 270w, https:\/\/fondation-abdelkrimbouallou.ma\/wp-content\/uploads\/2023\/03\/organisation-fondation-bouallou.png 1448w\" sizes=\"(max-width: 845px) 100vw, 845px\" \/><\/p>\n<p>+ Le Conseil d\u2019Administration : ce conseil prend la charge des prises de d\u00e9cision strat\u00e9giques de tout ce qui se rapporte \u00e0 la gestion de l\u2019Association et de ses activit\u00e9s.<\/p>\n<p>+ Le Secr\u00e9tariat : il prend en charge les r\u00e9dactions diverses. Il est l\u2019interface avec les membres de l\u2019Association. Il s\u2019occupe de l\u2019organisation des diff\u00e9rentes activit\u00e9s. Il prend en charge \u00e9galement la r\u00e9daction de rapports. Et enfin, il a la charge de la gestion administrative et financi\u00e8re.<\/p>\n<p>+ Le Comit\u00e9 Scientifique : il prend en charge le choix des th\u00e8mes \u00e0 aborder et des conf\u00e9renciers sp\u00e9cialistes des th\u00e8mes retenus.<\/p>\n<p>+ Le Comit\u00e9 Technique : il prend en charge la gestion du site web, des r\u00e9seaux sociaux et des outils de communication de l\u2019Association en collaboration avec le comit\u00e9 de communication.<\/p>\n<p>+ Le Comit\u00e9 de Communication Interne et Externe : il prend en charge la r\u00e9daction des communiqu\u00e9s de presse et assure le contact avec les m\u00e9dias.<\/p>\n<p>+ Le Comit\u00e9 de Partenariat : il prend en charge la gestion de la relation avec les partenaires au Maroc et \u00e0 l\u2019\u00e9tranger.<\/p>\n","protected":false},"excerpt":{"rendered":"<p>La Fondation est dot\u00e9e de moyens humains organis\u00e9s ainsi\u00a0: + Le Conseil d\u2019Administration : ce conseil prend la charge des prises de d\u00e9cision strat\u00e9giques de tout ce qui se rapporte \u00e0 la gestion de l\u2019Association et de ses activit\u00e9s. + Le Secr\u00e9tariat : il prend en charge les r\u00e9dactions diverses..<\/p>\n","protected":false},"author":1,"featured_media":0,"parent":0,"menu_order":0,"comment_status":"closed","ping_status":"closed","template":"","meta":{"om_disable_all_campaigns":false,"_mi_skip_tracking":false,"_themeisle_gutenberg_block_has_review":false},"aioseo_notices":[],"_links":{"self":[{"href":"https:\/\/fondation-abdelkrimbouallou.ma\/index.php\/wp-json\/wp\/v2\/pages\/2760"}],"collection":[{"href":"https:\/\/fondation-abdelkrimbouallou.ma\/index.php\/wp-json\/wp\/v2\/pages"}],"about":[{"href":"https:\/\/fondation-abdelkrimbouallou.ma\/index.php\/wp-json\/wp\/v2\/types\/page"}],"author":[{"embeddable":true,"href":"https:\/\/fondation-abdelkrimbouallou.ma\/index.php\/wp-json\/wp\/v2\/users\/1"}],"replies":[{"embeddable":true,"href":"https:\/\/fondation-abdelkrimbouallou.ma\/index.php\/wp-json\/wp\/v2\/comments?post=2760"}],"version-history":[{"count":5,"href":"https:\/\/fondation-abdelkrimbouallou.ma\/index.php\/wp-json\/wp\/v2\/pages\/2760\/revisions"}],"predecessor-version":[{"id":3129,"href":"https:\/\/fondation-abdelkrimbouallou.ma\/index.php\/wp-json\/wp\/v2\/pages\/2760\/revisions\/3129"}],"wp:attachment":[{"href":"https:\/\/fondation-abdelkrimbouallou.ma\/index.php\/wp-json\/wp\/v2\/media?parent=2760"}],"curies":[{"name":"wp","href":"https:\/\/api.w.org\/{rel}","templated":true}]}}