{"id":2761,"date":"2023-03-20T16:40:18","date_gmt":"2023-03-20T15:40:18","guid":{"rendered":"http:\/\/fondation-abdelkrimbouallou.ma\/?page_id=2761"},"modified":"2024-03-11T16:51:49","modified_gmt":"2024-03-11T15:51:49","slug":"membres","status":"publish","type":"page","link":"https:\/\/fondation-abdelkrimbouallou.ma\/index.php\/membres\/","title":{"rendered":"Membres"},"content":{"rendered":"<p>Les membres fondateurs de la fondation sont\u00a0les suivants :<\/p>\n<p>+ M. Ali Bouallou (fils d\u2019Abderraouf Bouallou) &#8211; Pr\u00e9sident<br \/>\n+ M<sup>me<\/sup> Sanae Bouallou (fille de Said Bouallou) &#8211; Vice-Pr\u00e9sidente<br \/>\n+ M<sup>me<\/sup> Lamia Bouallou (fille de Said Bouallou) &#8211; Secr\u00e9taire G\u00e9n\u00e9rale<br \/>\n+ M<sup>me<\/sup> Hind Rouhi (fille de Batoule Bouallou) &#8211; Tr\u00e9sori\u00e8re<br \/>\n+ M. Kamal Bouallou (fils d\u2019Abderraouf Bouallou) &#8211; Vice-Secr\u00e9taire G\u00e9n\u00e9ral<br \/>\n+ M. Chakib Bouallou (fils d\u2019Abderraouf Bouallou) &#8211; Vice-Tr\u00e9sorier<br \/>\n+ M. Ghali Bouallou (fils de Kamal Bouallou) &#8211; Conseiller<\/p>\n<p>Les autres membres de la fondation sont :<\/p>\n<p>+ M<sup>me<\/sup> Laila Bouallou (fille d\u2019Abderraouf Bouallou)<br \/>\n+ M<sup>me<\/sup> Raja Bouallou (fille d\u2019Abderraouf Bouallou)<br \/>\n+ M<sup>me<\/sup> Khadija Slaoui \u00e9pouse Bouallou<br \/>\n+ M<sup>me<\/sup> Rajae Rouhi (fille de Batoule Bouallou)<br \/>\n+ M<sup>me<\/sup> Souad Rouhi (fille de Batoule Bouallou)<br \/>\n+ M<sup>me<\/sup> Batoule Bouallou<br \/>\n+ M. Mouad El Fazziki (fils de Naima Bouallou)<br \/>\n+ M<sup>me<\/sup> Islah El Fazziki (fille de Naima Bouallou)<br \/>\n+ M<sup>me <\/sup>Naima Bouallou<br \/>\n+ M<sup>me <\/sup>Oum Kaltoum Tibari \u00e9pouse Bouallou<br \/>\n+ M<sup>me <\/sup>Widad Jeghalef (fille de Najat Bouallou)<\/p>\n<p>Les membres de la fondation sont tous descendants de la famille Bouallou.<br \/>\nIl sera question d\u2019ouvrir la fondation \u00e0 des membres en dehors de la famille dans un second temps.<\/p>\n","protected":false},"excerpt":{"rendered":"<p>Les membres fondateurs de la fondation sont\u00a0les suivants : + M. Ali Bouallou (fils d\u2019Abderraouf Bouallou) &#8211; Pr\u00e9sident + Mme Sanae Bouallou (fille de Said Bouallou) &#8211; Vice-Pr\u00e9sidente + Mme Lamia Bouallou (fille de Said Bouallou) &#8211; Secr\u00e9taire G\u00e9n\u00e9rale + Mme Hind Rouhi (fille de Batoule Bouallou) &#8211; Tr\u00e9sori\u00e8re +.<\/p>\n","protected":false},"author":1,"featured_media":0,"parent":0,"menu_order":0,"comment_status":"closed","ping_status":"closed","template":"","meta":{"om_disable_all_campaigns":false,"_mi_skip_tracking":false,"_themeisle_gutenberg_block_has_review":false},"aioseo_notices":[],"_links":{"self":[{"href":"https:\/\/fondation-abdelkrimbouallou.ma\/index.php\/wp-json\/wp\/v2\/pages\/2761"}],"collection":[{"href":"https:\/\/fondation-abdelkrimbouallou.ma\/index.php\/wp-json\/wp\/v2\/pages"}],"about":[{"href":"https:\/\/fondation-abdelkrimbouallou.ma\/index.php\/wp-json\/wp\/v2\/types\/page"}],"author":[{"embeddable":true,"href":"https:\/\/fondation-abdelkrimbouallou.ma\/index.php\/wp-json\/wp\/v2\/users\/1"}],"replies":[{"embeddable":true,"href":"https:\/\/fondation-abdelkrimbouallou.ma\/index.php\/wp-json\/wp\/v2\/comments?post=2761"}],"version-history":[{"count":6,"href":"https:\/\/fondation-abdelkrimbouallou.ma\/index.php\/wp-json\/wp\/v2\/pages\/2761\/revisions"}],"predecessor-version":[{"id":3504,"href":"https:\/\/fondation-abdelkrimbouallou.ma\/index.php\/wp-json\/wp\/v2\/pages\/2761\/revisions\/3504"}],"wp:attachment":[{"href":"https:\/\/fondation-abdelkrimbouallou.ma\/index.php\/wp-json\/wp\/v2\/media?parent=2761"}],"curies":[{"name":"wp","href":"https:\/\/api.w.org\/{rel}","templated":true}]}}