{"id":3384,"date":"2023-12-19T10:21:05","date_gmt":"2023-12-19T09:21:05","guid":{"rendered":"https:\/\/fondation-abdelkrimbouallou.ma\/?page_id=3384"},"modified":"2023-12-20T15:26:57","modified_gmt":"2023-12-20T14:26:57","slug":"agenda","status":"publish","type":"page","link":"https:\/\/fondation-abdelkrimbouallou.ma\/index.php\/agenda\/","title":{"rendered":"Agenda"},"content":{"rendered":"\t\t<div data-elementor-type=\"wp-page\" data-elementor-id=\"3384\" class=\"elementor elementor-3384\">\n\t\t\t\t\t\t\t\t\t<section class=\"elementor-section elementor-top-section elementor-element elementor-element-eba67eb elementor-section-boxed elementor-section-height-default elementor-section-height-default\" data-id=\"eba67eb\" data-element_type=\"section\">\n\t\t\t\t\t\t<div class=\"elementor-container elementor-column-gap-default\">\n\t\t\t\t\t<div class=\"elementor-column elementor-col-100 elementor-top-column elementor-element elementor-element-eebb9f7\" data-id=\"eebb9f7\" data-element_type=\"column\">\n\t\t\t<div class=\"elementor-widget-wrap elementor-element-populated\">\n\t\t\t\t\t\t\t\t<div class=\"elementor-element elementor-element-873ab96 elementor-widget elementor-widget-Ultimate_Post_Carousel\" data-id=\"873ab96\" data-element_type=\"widget\" data-widget_type=\"Ultimate_Post_Carousel.default\">\n\t\t\t\t<div class=\"elementor-widget-container\">\n\t\t\t            <div class=\"sldier-content-area ultimate__post__content__layout-4 \">\n                <div class=\"ultimate-carousel-activation\" data-settings=\"{&quot;slideid&quot;:2159,&quot;arrows&quot;:false,&quot;arrow_prev_txt&quot;:null,&quot;arrow_next_txt&quot;:null,&quot;dots&quot;:false,&quot;autoplay&quot;:false,&quot;autoplay_speed&quot;:3000,&quot;animation_speed&quot;:300,&quot;pause_on_hover&quot;:true,&quot;center_mode&quot;:false,&quot;center_padding&quot;:0,&quot;rows&quot;:0,&quot;fade&quot;:false,&quot;focusonselect&quot;:false,&quot;vertical&quot;:false,&quot;rtl&quot;:false,&quot;infinite&quot;:true,&quot;display_columns&quot;:3,&quot;scroll_columns&quot;:1,&quot;tablet_width&quot;:750,&quot;tablet_display_columns&quot;:1,&quot;tablet_scroll_columns&quot;:1,&quot;mobile_width&quot;:480,&quot;mobile_display_columns&quot;:1,&quot;mobile_scroll_columns&quot;:1}\">\n\n                    \n                                                    <div class=\"ultimate__single__post ultimate__post__layout__4\" >\n                                \n                                                <div class=\"post__thumb\">\n                <a href=\"https:\/\/fondation-abdelkrimbouallou.ma\/index.php\/2024\/09\/12\/conference-debat-la-culture-a-sale-entre-present-et-perspectives-davenir\/\"><img decoding=\"async\" src=\"https:\/\/fondation-abdelkrimbouallou.ma\/wp-content\/uploads\/2024\/09\/Conference-debat-La-Culture-a-Sale-entre-present-et-perspectives-davenir--400x400.jpg\" alt=\"Conf\u00e9rence-d\u00e9bat : \u00ab La Culture \u00e0 Sal\u00e9, entre pr\u00e9sent et perspectives d&rsquo;avenir \u00bb\"><\/a>\n            <\/div>\n                        <div class=\"post__content\">\n                    <div class=\"post__inner\">\n                                            <ul class=\"post__category\">\n                                            <li><a href=\"https:\/\/fondation-abdelkrimbouallou.ma\/index.php\/category\/actualites-de-la-fondation\/\" class=\"category actualites-de-la-fondation\">Actualit\u00e9s de la fondation<\/a><\/li>\n                                                    <li><a href=\"https:\/\/fondation-abdelkrimbouallou.ma\/index.php\/category\/agenda\/\" class=\"category agenda\">Agenda<\/a><\/li>\n                                    <\/ul>\n                                                    <ul class=\"post__meta\">\n\n                \n                \n                                                    \n                    <li><i class=\"fa fa-clock-o\"><\/i>12 septembre 2024<\/li>\n                    \n                    \n                                        \n                    \n                \n            <\/ul>\n                                                    <h3 class=\"post__title\"><a href=\"https:\/\/fondation-abdelkrimbouallou.ma\/index.php\/2024\/09\/12\/conference-debat-la-culture-a-sale-entre-present-et-perspectives-davenir\/\">Conf\u00e9rence-d\u00e9bat : \u00ab La Culture<\/a><\/h3>\n                                                                            <div class=\"post__btn\">\n                                                            <a class=\"readmore__btn\" href=\"https:\/\/fondation-abdelkrimbouallou.ma\/index.php\/2024\/09\/12\/conference-debat-la-culture-a-sale-entre-present-et-perspectives-davenir\/\">Plus d&#039;informations <i class=\"readmore_icon_right fa fa-arrow-right\"><\/i><\/a>\n                                                <\/div>\n                            <\/div>\n                <\/div>\n            \n                                    <\/div>\n                        \n                    \n                                                    <div class=\"ultimate__single__post ultimate__post__layout__4\" >\n                                \n                                                <div class=\"post__thumb\">\n                <a href=\"https:\/\/fondation-abdelkrimbouallou.ma\/index.php\/2024\/05\/13\/une-conference-sur-la-memoire-du-football-salaoui\/\"><img decoding=\"async\" src=\"https:\/\/fondation-abdelkrimbouallou.ma\/wp-content\/uploads\/2024\/05\/PHOTO-2024-05-03-07-10-171-400x400.jpg\" alt=\"Une conf\u00e9rence sur la m\u00e9moire du football Slaoui\"><\/a>\n            <\/div>\n                        <div class=\"post__content\">\n                    <div class=\"post__inner\">\n                                            <ul class=\"post__category\">\n                                            <li><a href=\"https:\/\/fondation-abdelkrimbouallou.ma\/index.php\/category\/actualites-de-la-fondation\/\" class=\"category actualites-de-la-fondation\">Actualit\u00e9s de la fondation<\/a><\/li>\n                                                    <li><a href=\"https:\/\/fondation-abdelkrimbouallou.ma\/index.php\/category\/agenda\/\" class=\"category agenda\">Agenda<\/a><\/li>\n                                    <\/ul>\n                                                    <ul class=\"post__meta\">\n\n                \n                \n                                                    \n                    <li><i class=\"fa fa-clock-o\"><\/i>13 mai 2024<\/li>\n                    \n                    \n                                        \n                    \n                \n            <\/ul>\n                                                    <h3 class=\"post__title\"><a href=\"https:\/\/fondation-abdelkrimbouallou.ma\/index.php\/2024\/05\/13\/une-conference-sur-la-memoire-du-football-salaoui\/\">Une conf\u00e9rence sur la m\u00e9moire<\/a><\/h3>\n                                                                            <div class=\"post__btn\">\n                                                            <a class=\"readmore__btn\" href=\"https:\/\/fondation-abdelkrimbouallou.ma\/index.php\/2024\/05\/13\/une-conference-sur-la-memoire-du-football-salaoui\/\">Plus d&#039;informations <i class=\"readmore_icon_right fa fa-arrow-right\"><\/i><\/a>\n                                                <\/div>\n                            <\/div>\n                <\/div>\n            \n                                    <\/div>\n                        \n                    \n                                                    <div class=\"ultimate__single__post ultimate__post__layout__4\" >\n                                \n                                                <div class=\"post__thumb\">\n                <a href=\"https:\/\/fondation-abdelkrimbouallou.ma\/index.php\/2024\/02\/07\/conference-animee-par-lislamologue-m-ghaleb-bencheikh\/\"><img decoding=\"async\" src=\"https:\/\/fondation-abdelkrimbouallou.ma\/wp-content\/uploads\/2024\/02\/Quelles-spiritualites-pour-le-XXIeme-siecle-400x400.jpeg\" alt=\"Conf\u00e9rence : \u00ab Quelles spiritualit\u00e9s pour le XXI\u00e8me si\u00e8cle ? \u00bb\"><\/a>\n            <\/div>\n                        <div class=\"post__content\">\n                    <div class=\"post__inner\">\n                                            <ul class=\"post__category\">\n                                            <li><a href=\"https:\/\/fondation-abdelkrimbouallou.ma\/index.php\/category\/actualites-de-la-fondation\/\" class=\"category actualites-de-la-fondation\">Actualit\u00e9s de la fondation<\/a><\/li>\n                                                    <li><a href=\"https:\/\/fondation-abdelkrimbouallou.ma\/index.php\/category\/agenda\/\" class=\"category agenda\">Agenda<\/a><\/li>\n                                    <\/ul>\n                                                    <ul class=\"post__meta\">\n\n                \n                \n                                                    \n                    <li><i class=\"fa fa-clock-o\"><\/i>07 f\u00e9vrier 2024<\/li>\n                    \n                    \n                                        \n                    \n                \n            <\/ul>\n                                                    <h3 class=\"post__title\"><a href=\"https:\/\/fondation-abdelkrimbouallou.ma\/index.php\/2024\/02\/07\/conference-animee-par-lislamologue-m-ghaleb-bencheikh\/\">Conf\u00e9rence : \u00ab Quelles spiritualit\u00e9s<\/a><\/h3>\n                                                                            <div class=\"post__btn\">\n                                                            <a class=\"readmore__btn\" href=\"https:\/\/fondation-abdelkrimbouallou.ma\/index.php\/2024\/02\/07\/conference-animee-par-lislamologue-m-ghaleb-bencheikh\/\">Plus d&#039;informations <i class=\"readmore_icon_right fa fa-arrow-right\"><\/i><\/a>\n                                                <\/div>\n                            <\/div>\n                <\/div>\n            \n                                    <\/div>\n                        \n                    \n                <\/div>\n\n                \n            <\/div>\n        \t\t<\/div>\n\t\t\t\t<\/div>\n\t\t\t\t\t<\/div>\n\t\t<\/div>\n\t\t\t\t\t\t\t<\/div>\n\t\t<\/section>\n\t\t\t\t\t\t\t<\/div>\n\t\t","protected":false},"excerpt":{"rendered":"<p>Agenda 25 novembre 2023 Premi\u00e8re conf\u00e9rence de la Fondation Plus d&#039;informations<\/p>\n","protected":false},"author":1,"featured_media":0,"parent":0,"menu_order":0,"comment_status":"closed","ping_status":"closed","template":"","meta":{"om_disable_all_campaigns":false,"_mi_skip_tracking":false,"_themeisle_gutenberg_block_has_review":false},"aioseo_notices":[],"_links":{"self":[{"href":"https:\/\/fondation-abdelkrimbouallou.ma\/index.php\/wp-json\/wp\/v2\/pages\/3384"}],"collection":[{"href":"https:\/\/fondation-abdelkrimbouallou.ma\/index.php\/wp-json\/wp\/v2\/pages"}],"about":[{"href":"https:\/\/fondation-abdelkrimbouallou.ma\/index.php\/wp-json\/wp\/v2\/types\/page"}],"author":[{"embeddable":true,"href":"https:\/\/fondation-abdelkrimbouallou.ma\/index.php\/wp-json\/wp\/v2\/users\/1"}],"replies":[{"embeddable":true,"href":"https:\/\/fondation-abdelkrimbouallou.ma\/index.php\/wp-json\/wp\/v2\/comments?post=3384"}],"version-history":[{"count":12,"href":"https:\/\/fondation-abdelkrimbouallou.ma\/index.php\/wp-json\/wp\/v2\/pages\/3384\/revisions"}],"predecessor-version":[{"id":3413,"href":"https:\/\/fondation-abdelkrimbouallou.ma\/index.php\/wp-json\/wp\/v2\/pages\/3384\/revisions\/3413"}],"wp:attachment":[{"href":"https:\/\/fondation-abdelkrimbouallou.ma\/index.php\/wp-json\/wp\/v2\/media?parent=3384"}],"curies":[{"name":"wp","href":"https:\/\/api.w.org\/{rel}","templated":true}]}}